{"id":26,"date":"2015-05-02T15:03:46","date_gmt":"2015-05-02T13:03:46","guid":{"rendered":"http:\/\/www2.schreinereigraf.ch\/test\/?page_id=26"},"modified":"2026-02-27T09:42:49","modified_gmt":"2026-02-27T08:42:49","slug":"links","status":"publish","type":"page","link":"https:\/\/www.schreinereigraf.ch\/?page_id=26","title":{"rendered":"Links"},"content":{"rendered":"<h3>Bodenbel\u00e4ge\/Holzmaterialien<\/h3>\n<p><a href=\"http:\/\/www.parkettgalerie.ch\">www.parkettgalerie.ch<\/a><\/p>\n<p><a href=\"http:\/\/www.belcolor.ch\">www.belcolor.ch<\/a><\/p>\n<p><a href=\"http:\/\/www.Bauwerk.com\">www.Bauwerk.com<\/a><\/p>\n<p><a href=\"http:\/\/www.bodenvielfalt.ch\">www.bodenvielfalt.ch<\/a><\/p>\n<p><a href=\"http:\/\/www.colibri.ch\">www.colibri.ch<\/a><\/p>\n<p><a href=\"http:\/\/www.edelspan.ch\">www.edelspan.ch<\/a><\/p>\n<p><a href=\"https:\/\/www.pva.ch\/fuer-bauherren-planer\/showroom.html\">www.pva.ch\/showroom.html<\/a><\/p>\n<p><a href=\"http:\/\/www.atlasholz.ch\">www.atlasholz.ch<\/a><\/p>\n<p><a href=\"https:\/\/www.kuratlejaecker.ch\/de_kurkj\/ausstellung-volketswil\">Bauarena, Volketswil<\/a><\/p>\n<h3>Beschl\u00e4ge<\/h3>\n<p><a href=\"http:\/\/www.opo.ch\">www.opo.ch<\/a><\/p>\n<p><a href=\"http:\/\/www.koch.ch\">www.koch.ch<\/a><\/p>\n<p><a href=\"http:\/\/www.haefele.ch\">www.haefele.ch<\/a><\/p>\n<p><a href=\"http:\/\/www.sfsunimarket.ch\">www.sfsunimarket.ch<\/a><\/p>\n<p><a href=\"http:\/\/www.blum.at\">www.blum.at<\/a><\/p>\n<p><a href=\"https:\/\/www.rehau.com\/ch-de\/privatkunden\/glaslaminat-kueche-bad\">www.rehau.com<\/a><\/p>\n<h3>K\u00fcchenger\u00e4te<\/h3>\n<p><a href=\"http:\/\/www.v-zug.ch\">www.v-zug.ch<\/a><\/p>\n<p><a href=\"http:\/\/www.electrolux.ch\/\">www.electrolux.ch<\/a><\/p>\n<p><a href=\"http:\/\/www.miele.ch\">www.miele.ch<\/a><\/p>\n<p><a href=\"http:\/\/www.gaggenau.ch\">www.gaggenau.ch<\/a><\/p>\n<p><a href=\"http:\/\/www.bauknecht.ch\">www.bauknecht.ch<\/a><\/p>\n<p><a href=\"http:\/\/www.siemens-home.bsh-group.com\/ch\/de\/\">www.siemens.ch<\/a><\/p>\n<p><a href=\"http:\/\/www.bosch-home.com\/ch\/de\/\">www.bosch.ch<\/a><\/p>\n<p><a href=\"http:\/\/www.franke.ch\">www.franke.ch<\/a><\/p>\n<p><a href=\"http:\/\/www.wesco.ch\">www.wesco.ch<\/a><\/p>\n<p><a href=\"http:\/\/www.suter.ch\/\">www.suter.ch<\/a><\/p>\n<h3>etc.<\/h3>\n<p><a href=\"http:\/\/www.bico.ch\">www.bico.ch<\/a><\/p>\n<p><a href=\"https:\/\/www.sanitastroesch.ch\/de\">www.sanitastroesch.ch<\/a><\/p>\n<p><a href=\"https:\/\/www.aromapunkt.ch\/\">www.aromapunkt.ch<\/a><\/p>\n<p><a href=\"http:\/\/www.gewerbe-hombi.ch\">www.gewerbe-hombi.ch<\/a><\/p>\n<p><a href=\"https:\/\/gbmmeilen.ch\/\">www.gbmmeilen.ch<\/a><\/p>\n<p><a href=\"http:\/\/www.kgv.ch\">www.kgv.ch<\/a><\/p>\n<p><a href=\"http:\/\/www.vssm.ch\">www.vssm.ch<\/a><\/p>\n<p><a href=\"http:\/\/www.schreiner-zh.ch\">www.schreiner-zh.ch<\/a><\/p>\n","protected":false},"excerpt":{"rendered":"<p>Bodenbel\u00e4ge\/Holzmaterialien www.parkettgalerie.ch www.belcolor.ch www.Bauwerk.com www.bodenvielfalt.ch www.colibri.ch www.edelspan.ch www.pva.ch\/showroom.html www.atlasholz.ch Bauarena, Volketswil Beschl\u00e4ge www.opo.ch www.koch.ch www.haefele.ch www.sfsunimarket.ch www.blum.at www.rehau.com K\u00fcchenger\u00e4te www.v-zug.ch www.electrolux.ch www.miele.ch www.gaggenau.ch www.bauknecht.ch www.siemens.ch www.bosch.ch www.franke.ch www.wesco.ch www.suter.ch etc. www.bico.ch www.sanitastroesch.ch www.aromapunkt.ch www.gewerbe-hombi.ch www.gbmmeilen.ch www.kgv.ch www.vssm.ch www.schreiner-zh.ch<\/p>\n<p class=\"continue-reading-button\"> <a class=\"continue-reading-link\" href=\"https:\/\/www.schreinereigraf.ch\/?page_id=26\">weiterlesen<i class=\"crycon-right-dir\"><\/i><\/a><\/p>\n","protected":false},"author":5,"featured_media":0,"parent":0,"menu_order":0,"comment_status":"closed","ping_status":"closed","template":"","meta":{"footnotes":""},"class_list":["post-26","page","type-page","status-publish","hentry"],"_links":{"self":[{"href":"https:\/\/www.schreinereigraf.ch\/index.php?rest_route=\/wp\/v2\/pages\/26","targetHints":{"allow":["GET"]}}],"collection":[{"href":"https:\/\/www.schreinereigraf.ch\/index.php?rest_route=\/wp\/v2\/pages"}],"about":[{"href":"https:\/\/www.schreinereigraf.ch\/index.php?rest_route=\/wp\/v2\/types\/page"}],"author":[{"embeddable":true,"href":"https:\/\/www.schreinereigraf.ch\/index.php?rest_route=\/wp\/v2\/users\/5"}],"replies":[{"embeddable":true,"href":"https:\/\/www.schreinereigraf.ch\/index.php?rest_route=%2Fwp%2Fv2%2Fcomments&post=26"}],"version-history":[{"count":15,"href":"https:\/\/www.schreinereigraf.ch\/index.php?rest_route=\/wp\/v2\/pages\/26\/revisions"}],"predecessor-version":[{"id":1006,"href":"https:\/\/www.schreinereigraf.ch\/index.php?rest_route=\/wp\/v2\/pages\/26\/revisions\/1006"}],"wp:attachment":[{"href":"https:\/\/www.schreinereigraf.ch\/index.php?rest_route=%2Fwp%2Fv2%2Fmedia&parent=26"}],"curies":[{"name":"wp","href":"https:\/\/api.w.org\/{rel}","templated":true}]}}