{"id":646,"date":"2015-12-05T15:31:59","date_gmt":"2015-12-05T14:31:59","guid":{"rendered":"http:\/\/www.schreinereigraf.ch\/?page_id=646"},"modified":"2015-12-09T10:43:02","modified_gmt":"2015-12-09T09:43:02","slug":"eichenblatt","status":"publish","type":"page","link":"https:\/\/www.schreinereigraf.ch\/?page_id=646","title":{"rendered":"Eichenblatt"},"content":{"rendered":"<p><a href=\"http:\/\/www.schreinereigraf.ch\/wp-content\/uploads\/2015\/12\/Eichenblatt-1.pdf\">Eichenblatt 1 (als PDF )<\/a><\/p>\n<p><a href=\"http:\/\/www.schreinereigraf.ch\/wp-content\/uploads\/2015\/12\/Eichenblatt-1.pdf\" target=\"_blank\"><img loading=\"lazy\" decoding=\"async\" class=\"  wp-image-672 alignnone\" src=\"http:\/\/www.schreinereigraf.ch\/wp-content\/uploads\/2015\/12\/Eb.jpg\" alt=\"Eb\" width=\"342\" height=\"218\" srcset=\"https:\/\/www.schreinereigraf.ch\/wp-content\/uploads\/2015\/12\/Eb.jpg 940w, https:\/\/www.schreinereigraf.ch\/wp-content\/uploads\/2015\/12\/Eb-275x176.jpg 275w, https:\/\/www.schreinereigraf.ch\/wp-content\/uploads\/2015\/12\/Eb-235x150.jpg 235w, https:\/\/www.schreinereigraf.ch\/wp-content\/uploads\/2015\/12\/Eb-150x96.jpg 150w\" sizes=\"auto, (max-width: 342px) 100vw, 342px\" \/><\/a><\/p>\n<p>Das Informationsblatt\u00a0 der Schreinerei Graf, informiert Sie \u00fcber Neuheiten und Wissenswertes zu Holz, M\u00f6beln und Innenausbau.<br \/>\nSchwerpunkte der ersten Ausgabe sind Schr\u00e4nke und TV-M\u00f6bel. Daneben finden Sie eine kleine Auswahl unserer breiten Angebotspalette.<\/p>\n<p>&nbsp;<\/p>\n","protected":false},"excerpt":{"rendered":"<p>Eichenblatt 1 (als PDF ) Das Informationsblatt\u00a0 der Schreinerei Graf, informiert Sie \u00fcber Neuheiten und Wissenswertes zu Holz, M\u00f6beln und Innenausbau. Schwerpunkte der ersten Ausgabe sind Schr\u00e4nke und TV-M\u00f6bel. Daneben finden Sie eine kleine Auswahl unserer breiten Angebotspalette. &nbsp;<\/p>\n<p class=\"continue-reading-button\"> <a class=\"continue-reading-link\" href=\"https:\/\/www.schreinereigraf.ch\/?page_id=646\">weiterlesen<i class=\"crycon-right-dir\"><\/i><\/a><\/p>\n","protected":false},"author":2,"featured_media":0,"parent":0,"menu_order":0,"comment_status":"closed","ping_status":"closed","template":"","meta":{"footnotes":""},"class_list":["post-646","page","type-page","status-publish","hentry"],"_links":{"self":[{"href":"https:\/\/www.schreinereigraf.ch\/index.php?rest_route=\/wp\/v2\/pages\/646","targetHints":{"allow":["GET"]}}],"collection":[{"href":"https:\/\/www.schreinereigraf.ch\/index.php?rest_route=\/wp\/v2\/pages"}],"about":[{"href":"https:\/\/www.schreinereigraf.ch\/index.php?rest_route=\/wp\/v2\/types\/page"}],"author":[{"embeddable":true,"href":"https:\/\/www.schreinereigraf.ch\/index.php?rest_route=\/wp\/v2\/users\/2"}],"replies":[{"embeddable":true,"href":"https:\/\/www.schreinereigraf.ch\/index.php?rest_route=%2Fwp%2Fv2%2Fcomments&post=646"}],"version-history":[{"count":9,"href":"https:\/\/www.schreinereigraf.ch\/index.php?rest_route=\/wp\/v2\/pages\/646\/revisions"}],"predecessor-version":[{"id":682,"href":"https:\/\/www.schreinereigraf.ch\/index.php?rest_route=\/wp\/v2\/pages\/646\/revisions\/682"}],"wp:attachment":[{"href":"https:\/\/www.schreinereigraf.ch\/index.php?rest_route=%2Fwp%2Fv2%2Fmedia&parent=646"}],"curies":[{"name":"wp","href":"https:\/\/api.w.org\/{rel}","templated":true}]}}