{"id":720,"date":"2015-12-09T13:52:39","date_gmt":"2015-12-09T12:52:39","guid":{"rendered":"http:\/\/www.schreinereigraf.ch\/?page_id=720"},"modified":"2015-12-10T09:47:30","modified_gmt":"2015-12-10T08:47:30","slug":"unterhalt-reparaturen","status":"publish","type":"page","link":"https:\/\/www.schreinereigraf.ch\/?page_id=720","title":{"rendered":"Unterhalt \/ Reparaturen"},"content":{"rendered":"<p>Defekte K\u00fcchent\u00fcrli, quietschende T\u00fcren, Glasschaden, gebrochenes Stuhl- oder Tischbein, Einbruchsch\u00e4den, h\u00e4ngende Schrankt\u00fcren, klemmende T\u00fcrschl\u00f6sser&#8230;<\/p>\n<p>Die meisten Sch\u00e4den an Schreinerarbeiten sind bei Ihnen zu Hause oder in unserer Werkstatt reparierbar. Mietwohnungen verlangen eine Behandlung, die auf Langlebigkeit und Zweckm\u00e4ssigkeit ausgerichtet ist.<\/p>\n<p><img loading=\"lazy\" decoding=\"async\" class=\"alignnone wp-image-76 size-large\" src=\"http:\/\/www.schreinereigraf.ch\/wp-content\/uploads\/2015\/05\/Reparatur-Unterhalt-1024x596.jpg\" alt=\"Reparatur-Unterhalt\" width=\"830\" height=\"483\" srcset=\"https:\/\/www.schreinereigraf.ch\/wp-content\/uploads\/2015\/05\/Reparatur-Unterhalt.jpg 1024w, https:\/\/www.schreinereigraf.ch\/wp-content\/uploads\/2015\/05\/Reparatur-Unterhalt-275x160.jpg 275w, https:\/\/www.schreinereigraf.ch\/wp-content\/uploads\/2015\/05\/Reparatur-Unterhalt-258x150.jpg 258w, https:\/\/www.schreinereigraf.ch\/wp-content\/uploads\/2015\/05\/Reparatur-Unterhalt-150x87.jpg 150w\" sizes=\"auto, (max-width: 830px) 100vw, 830px\" \/><br \/>\n<div id='Angebote' class='widgets_on_page wop_tiny1  wop_small1  wop_medium1  wop_large1  wop_wide1'>\n\t\t\t<ul><!-- ERROR NO TURBO SIDEBAR FOUND WITH ID Angebote--><\/ul><\/div><!-- widgets_on_page --><\/p>\n","protected":false},"excerpt":{"rendered":"<p>Defekte K\u00fcchent\u00fcrli, quietschende T\u00fcren, Glasschaden, gebrochenes Stuhl- oder Tischbein, Einbruchsch\u00e4den, h\u00e4ngende Schrankt\u00fcren, klemmende T\u00fcrschl\u00f6sser&#8230; Die meisten Sch\u00e4den an Schreinerarbeiten sind bei Ihnen zu Hause oder in unserer Werkstatt reparierbar. Mietwohnungen verlangen eine Behandlung, die auf Langlebigkeit und Zweckm\u00e4ssigkeit ausgerichtet ist.<\/p>\n<p class=\"continue-reading-button\"> <a class=\"continue-reading-link\" href=\"https:\/\/www.schreinereigraf.ch\/?page_id=720\">weiterlesen<i class=\"crycon-right-dir\"><\/i><\/a><\/p>\n","protected":false},"author":5,"featured_media":0,"parent":11,"menu_order":0,"comment_status":"closed","ping_status":"closed","template":"","meta":{"footnotes":""},"class_list":["post-720","page","type-page","status-publish","hentry"],"_links":{"self":[{"href":"https:\/\/www.schreinereigraf.ch\/index.php?rest_route=\/wp\/v2\/pages\/720","targetHints":{"allow":["GET"]}}],"collection":[{"href":"https:\/\/www.schreinereigraf.ch\/index.php?rest_route=\/wp\/v2\/pages"}],"about":[{"href":"https:\/\/www.schreinereigraf.ch\/index.php?rest_route=\/wp\/v2\/types\/page"}],"author":[{"embeddable":true,"href":"https:\/\/www.schreinereigraf.ch\/index.php?rest_route=\/wp\/v2\/users\/5"}],"replies":[{"embeddable":true,"href":"https:\/\/www.schreinereigraf.ch\/index.php?rest_route=%2Fwp%2Fv2%2Fcomments&post=720"}],"version-history":[{"count":4,"href":"https:\/\/www.schreinereigraf.ch\/index.php?rest_route=\/wp\/v2\/pages\/720\/revisions"}],"predecessor-version":[{"id":840,"href":"https:\/\/www.schreinereigraf.ch\/index.php?rest_route=\/wp\/v2\/pages\/720\/revisions\/840"}],"up":[{"embeddable":true,"href":"https:\/\/www.schreinereigraf.ch\/index.php?rest_route=\/wp\/v2\/pages\/11"}],"wp:attachment":[{"href":"https:\/\/www.schreinereigraf.ch\/index.php?rest_route=%2Fwp%2Fv2%2Fmedia&parent=720"}],"curies":[{"name":"wp","href":"https:\/\/api.w.org\/{rel}","templated":true}]}}